{"id":95872,"date":"2024-02-06T14:55:02","date_gmt":"2024-02-06T14:55:02","guid":{"rendered":"https:\/\/zunzunrc.org\/?page_id=95872"},"modified":"2024-02-11T22:52:09","modified_gmt":"2024-02-11T22:52:09","slug":"terms-and-conditions","status":"publish","type":"page","link":"https:\/\/zunzunrc.org\/fr\/terms-and-conditions\/","title":{"rendered":"Conditions G\u00e9n\u00e9rales"},"content":{"rendered":"<div data-elementor-type=\"wp-page\" data-elementor-id=\"95872\" class=\"elementor elementor-95872\" data-elementor-post-type=\"page\">\n\t\t\t\t<div class=\"elementor-element elementor-element-681f633 e-flex e-con-boxed e-con e-parent\" data-id=\"681f633\" data-element_type=\"container\" data-e-type=\"container\">\n\t\t\t\t\t<div class=\"e-con-inner\">\n\t\t\t\t<div class=\"elementor-element elementor-element-2647d1b elementor-widget elementor-widget-heading\" data-id=\"2647d1b\" data-element_type=\"widget\" data-e-type=\"widget\" data-widget_type=\"heading.default\">\n\t\t\t\t<div class=\"elementor-widget-container\">\n\t\t\t\t\t<h2 class=\"elementor-heading-title elementor-size-default\">Conditions G\u00e9n\u00e9rales<\/h2>\t\t\t\t<\/div>\n\t\t\t\t<\/div>\n\t\t\t\t<div class=\"elementor-element elementor-element-31fed55d elementor-widget elementor-widget-text-editor\" data-id=\"31fed55d\" data-element_type=\"widget\" data-e-type=\"widget\" data-widget_type=\"text-editor.default\">\n\t\t\t\t<div class=\"elementor-widget-container\">\n\t\t\t\t\t\t\t\t\t<p><\/p>\n<p><em>\u00a0<\/em><strong>1. Introduction<\/strong><\/p>\n<p><\/p>\n<p><\/p>\n<p>Ces Conditions G\u00e9n\u00e9rales r\u00e9gissent votre utilisation de la Communaut\u00e9 de Lecture Zunzun et de ses services associ\u00e9s. En acc\u00e9dant ou en utilisant notre site web, vous acceptez d'\u00eatre li\u00e9 par ces Conditions G\u00e9n\u00e9rales.<\/p>\n<p><\/p>\n<p><\/p>\n<p><strong>2. Droits de Propri\u00e9t\u00e9 Intellectuelle<\/strong><\/p>\n<p><\/p>\n<p><\/p>\n<p>Sauf pour le contenu que vous poss\u00e9dez, en vertu de ces Conditions, la Communaut\u00e9 de Lecture Zunzun et\/ou ses conc\u00e9dants de licence d\u00e9tiennent tous les droits de propri\u00e9t\u00e9 intellectuelle et les mat\u00e9riaux contenus dans ce site web.<\/p>\n<p><\/p>\n<p><\/p>\n<p><strong>3. Restrictions<\/strong><\/p>\n<p><\/p>\n<p><\/p>\n<p>Vous \u00eates sp\u00e9cifiquement restreint de ce qui suit :<\/p>\n<p><\/p>\n<p><\/p>\n<ul class=\"wp-block-list\">\n<li style=\"list-style-type: none;\">\n<ul><\/ul>\n<\/li>\n<\/ul>\n<ul>\n<li style=\"list-style-type: none;\">\n<ul>\n<li>Publier tout mat\u00e9riel de ce site web dans un autre m\u00e9dia ;<\/li>\n<\/ul>\n<\/li>\n<\/ul>\n<p><\/p>\n<p><\/p>\n<ul>\n<li style=\"list-style-type: none;\">\n<ul>\n<li>Vendre, sous-licencier et\/ou autrement commercialiser tout mat\u00e9riel de ce site web ;<\/li>\n<\/ul>\n<\/li>\n<\/ul>\n<p><\/p>\n<p><\/p>\n<ul>\n<li style=\"list-style-type: none;\">\n<ul>\n<li>Effectuer publiquement et\/ou montrer tout mat\u00e9riel de ce site web ;<\/li>\n<\/ul>\n<\/li>\n<\/ul>\n<p><\/p>\n<p><\/p>\n<ul>\n<li style=\"list-style-type: none;\">\n<ul>\n<li>Utiliser ce site web d'une mani\u00e8re qui est ou pourrait \u00eatre dommageable pour ce site web ;<\/li>\n<\/ul>\n<\/li>\n<\/ul>\n<p><\/p>\n<p><\/p>\n<ul>\n<li style=\"list-style-type: none;\">\n<ul>\n<li>Utiliser ce site web d'une mani\u00e8re qui impacte l'acc\u00e8s des utilisateurs \u00e0 ce site web ;<\/li>\n<\/ul>\n<\/li>\n<\/ul>\n<p><\/p>\n<p><\/p>\n<ul>\n<li style=\"list-style-type: none;\">\n<ul>\n<li>Utiliser ce site web contrairement aux lois et r\u00e9glementations applicables, ou de toute mani\u00e8re pouvant causer un pr\u00e9judice au site web, \u00e0 toute personne ou entit\u00e9 commerciale ;<\/li>\n<\/ul>\n<\/li>\n<\/ul>\n<p><\/p>\n<p><\/p>\n<ul>\n<li style=\"list-style-type: none;\">\n<ul>\n<li>S'engager dans toute activit\u00e9 d'extraction de donn\u00e9es, de collecte de donn\u00e9es ou de toute autre activit\u00e9 similaire en relation avec ce site web.<\/li>\n<\/ul>\n<\/li>\n<\/ul>\n<p><\/p>\n<p><\/p>\n<p><\/p>\n<p><strong>4. Votre Contenu<\/strong><\/p>\n<p><\/p>\n<p><\/p>\n<p>Dans ces Conditions G\u00e9n\u00e9rales Standard du Site Web, \"Votre Contenu\" d\u00e9signe tout audio, vid\u00e9o, texte, images ou autre mat\u00e9riel que vous choisissez d'afficher sur ce Site Web. En affichant Votre Contenu, vous accordez \u00e0 la Communaut\u00e9 de Lecture Zunzun une licence non-exclusive, mondiale, irr\u00e9vocable et sublicensable pour utiliser, reproduire, adapter, publier, traduire et distribuer ce contenu dans tous les m\u00e9dias.<\/p>\n<p><\/p>\n<p><\/p>\n<p><strong>5. Aucune garantie<\/strong><\/p>\n<p><\/p>\n<p><\/p>\n<p>Ce site web est fourni \"tel quel\", avec tous ses d\u00e9fauts, et la Communaut\u00e9 de Lecture Zunzun n'exprime aucune repr\u00e9sentation ou garantie, de quelque nature que ce soit, concernant ce site web ou les mat\u00e9riaux qu'il contient.<\/p>\n<p><\/p>\n<p><\/p>\n<p><strong>6. Limitation de responsabilit\u00e9<\/strong><\/p>\n<p><\/p>\n<p><\/p>\n<p>En aucun cas la Communaut\u00e9 de Lecture Zunzun, ni aucun de ses dirigeants, administrateurs et employ\u00e9s, ne pourront \u00eatre tenus responsables de quoi que ce soit d\u00e9coulant de ou li\u00e9 de quelque mani\u00e8re que ce soit \u00e0 votre utilisation de ce site web, que cette responsabilit\u00e9 soit contractuelle ou autre. La Communaut\u00e9 de Lecture Zunzun, y compris ses dirigeants, administrateurs et employ\u00e9s, ne pourront \u00eatre tenus responsables d'aucune responsabilit\u00e9 indirecte, cons\u00e9quente ou sp\u00e9ciale d\u00e9coulant de ou li\u00e9e de quelque mani\u00e8re que ce soit \u00e0 votre utilisation de ce site web.<\/p>\n<p><\/p>\n<p><\/p>\n<p><strong>7. Indemnisation<\/strong><\/p>\n<p><\/p>\n<p><\/p>\n<p>Par la pr\u00e9sente, vous vous engagez \u00e0 indemniser dans toute la mesure la Communaut\u00e9 de Lecture Zunzun contre tous les engagements, co\u00fbts, demandes, causes d'action, dommages et d\u00e9penses d\u00e9coulant de quelque mani\u00e8re que ce soit de votre violation de l'une quelconque des dispositions de ces Conditions.<\/p>\n<p><\/p>\n<p><\/p>\n<p><strong>8. Division<\/strong><\/p>\n<p><\/p>\n<p><\/p>\n<p>Si une disposition de ces Conditions est jug\u00e9e invalide en vertu de toute loi applicable, cette disposition sera supprim\u00e9e sans affecter les dispositions restantes ici.<\/p>\n<p><\/p>\n<p><\/p>\n<p><strong>9. Variation des Termes<\/strong><\/p>\n<p><\/p>\n<p><\/p>\n<p>La Communaut\u00e9 de Lecture Zunzun est autoris\u00e9e \u00e0 r\u00e9viser ces Conditions \u00e0 tout moment, comme elle le juge appropri\u00e9, et en utilisant ce Site Web, vous \u00eates cens\u00e9 revoir ces Conditions r\u00e9guli\u00e8rement.<\/p>\n<p><\/p>\n<p><\/p>\n<p><strong>10. Cession<\/strong><\/p>\n<p><\/p>\n<p><\/p>\n<p>La Communaut\u00e9 de Lecture Zunzun est autoris\u00e9e \u00e0 c\u00e9der, transf\u00e9rer et sous-traiter ses droits et\/ou obligations en vertu de ces Conditions sans aucune notification. Cependant, vous n'\u00eates pas autoris\u00e9 \u00e0 c\u00e9der, transf\u00e9rer ou sous-traiter aucun de vos droits et\/ou obligations en vertu de ces Conditions.<\/p>\n<p><\/p>\n<p><\/p>\n<p><strong>11. Accord Int\u00e9gral<\/strong><\/p>\n<p><\/p>\n<p><\/p>\n<p>Ces Conditions constituent l'int\u00e9gralit\u00e9 de l'accord entre la Communaut\u00e9 de Lecture Zunzun et vous en ce qui concerne votre utilisation de ce Site Web et remplacent tous les accords et compr\u00e9hensions ant\u00e9rieurs.<\/p>\n<p><\/p>\n<p><\/p>\n<p><strong>12. Loi applicable et Juridiction<\/strong><\/p>\n<p><\/p>\n<p><\/p>\n<p><span style=\"text-align: var(--text-align); background-color: rgba(255, 255, 255, 0); color: var(--the7-base-color); letter-spacing: var(--the7-base-letter-spacing); text-transform: var(--the7-base-text-transform); word-spacing: normal;\">Ces Conditions seront r\u00e9gies et interpr\u00e9t\u00e9es conform\u00e9ment aux lois de la Province de l'Ontario, Canada, et vous vous soumettez \u00e0 la comp\u00e9tence non exclusive des tribunaux provinciaux et f\u00e9d\u00e9raux situ\u00e9s en Ontario pour la r\u00e9solution de tout litige.<\/span><\/p>\n<p><\/p>\t\t\t\t\t\t\t\t<\/div>\n\t\t\t\t<\/div>\n\t\t\t\t\t<\/div>\n\t\t\t\t<\/div>\n\t\t\t\t<\/div>","protected":false},"excerpt":{"rendered":"<p>Terms and Conditions \u00a01. Introduction These Terms and Conditions govern your use of Zunzun Reading Community and its associated services. By accessing or using our website, you agree to be&hellip;<\/p>","protected":false},"author":1,"featured_media":0,"parent":0,"menu_order":0,"comment_status":"closed","ping_status":"closed","template":"","meta":{"footnotes":""},"class_list":["post-95872","page","type-page","status-publish","hentry"],"_links":{"self":[{"href":"https:\/\/zunzunrc.org\/fr\/wp-json\/wp\/v2\/pages\/95872","targetHints":{"allow":["GET"]}}],"collection":[{"href":"https:\/\/zunzunrc.org\/fr\/wp-json\/wp\/v2\/pages"}],"about":[{"href":"https:\/\/zunzunrc.org\/fr\/wp-json\/wp\/v2\/types\/page"}],"author":[{"embeddable":true,"href":"https:\/\/zunzunrc.org\/fr\/wp-json\/wp\/v2\/users\/1"}],"replies":[{"embeddable":true,"href":"https:\/\/zunzunrc.org\/fr\/wp-json\/wp\/v2\/comments?post=95872"}],"version-history":[{"count":0,"href":"https:\/\/zunzunrc.org\/fr\/wp-json\/wp\/v2\/pages\/95872\/revisions"}],"wp:attachment":[{"href":"https:\/\/zunzunrc.org\/fr\/wp-json\/wp\/v2\/media?parent=95872"}],"curies":[{"name":"wp","href":"https:\/\/api.w.org\/{rel}","templated":true}]}}