{"id":94694,"date":"2024-01-21T19:47:13","date_gmt":"2024-01-21T19:47:13","guid":{"rendered":"https:\/\/zunzunrc.org\/?page_id=94694"},"modified":"2026-04-12T23:02:01","modified_gmt":"2026-04-12T23:02:01","slug":"book-club","status":"publish","type":"page","link":"https:\/\/zunzunrc.org\/fr\/book-club\/","title":{"rendered":"Club de lecture\u00a0"},"content":{"rendered":"<div data-elementor-type=\"wp-page\" data-elementor-id=\"94694\" class=\"elementor elementor-94694\" data-elementor-post-type=\"page\">\n\t\t\t\t<div class=\"elementor-element elementor-element-1e7dd3a e-flex e-con-boxed e-con e-parent\" data-id=\"1e7dd3a\" data-element_type=\"container\" data-e-type=\"container\">\n\t\t\t\t\t<div class=\"e-con-inner\">\n\t\t\t\t<div class=\"elementor-element elementor-element-7d15808 elementor-widget elementor-widget-spacer\" data-id=\"7d15808\" data-element_type=\"widget\" data-e-type=\"widget\" data-widget_type=\"spacer.default\">\n\t\t\t\t<div class=\"elementor-widget-container\">\n\t\t\t\t\t\t\t<div class=\"elementor-spacer\">\n\t\t\t<div class=\"elementor-spacer-inner\"><\/div>\n\t\t<\/div>\n\t\t\t\t\t\t<\/div>\n\t\t\t\t<\/div>\n\t\t\t\t<div class=\"elementor-element elementor-element-6e14ccf elementor-widget elementor-widget-heading\" data-id=\"6e14ccf\" data-element_type=\"widget\" data-e-type=\"widget\" data-widget_type=\"heading.default\">\n\t\t\t\t<div class=\"elementor-widget-container\">\n\t\t\t\t\t<h2 class=\"elementor-heading-title elementor-size-default\">Club de lecture silencieuse<\/h2>\t\t\t\t<\/div>\n\t\t\t\t<\/div>\n\t\t\t\t<div class=\"elementor-element elementor-element-ec7d11f elementor-widget elementor-widget-spacer\" data-id=\"ec7d11f\" data-element_type=\"widget\" data-e-type=\"widget\" data-widget_type=\"spacer.default\">\n\t\t\t\t<div class=\"elementor-widget-container\">\n\t\t\t\t\t\t\t<div class=\"elementor-spacer\">\n\t\t\t<div class=\"elementor-spacer-inner\"><\/div>\n\t\t<\/div>\n\t\t\t\t\t\t<\/div>\n\t\t\t\t<\/div>\n\t\t\t\t\t<\/div>\n\t\t\t\t<\/div>\n\t\t<div class=\"elementor-element elementor-element-c73ef5e e-flex e-con-boxed e-con e-parent\" data-id=\"c73ef5e\" data-element_type=\"container\" data-e-type=\"container\">\n\t\t\t\t\t<div class=\"e-con-inner\">\n\t\t<div class=\"elementor-element elementor-element-bdb8109 e-con-full e-flex e-con e-child\" data-id=\"bdb8109\" data-element_type=\"container\" data-e-type=\"container\">\n\t\t\t\t<div class=\"elementor-element elementor-element-bf7fedb elementor-widget__width-inherit elementor-widget elementor-widget-text-editor\" data-id=\"bf7fedb\" data-element_type=\"widget\" data-e-type=\"widget\" data-widget_type=\"text-editor.default\">\n\t\t\t\t<div class=\"elementor-widget-container\">\n\t\t\t\t\t\t\t\t\t<p>Le Zunzun Silent Reading Club est une communaut\u00e9 accueillante pour les amoureux des livres \u00e0 Orl\u00e9ans qui appr\u00e9cient lire en compagnie silencieuse d\u2019autres lecteurs.<\/p><p>Nos rencontres ont lieu dans un restaurant local, o\u00f9 les membres peuvent se d\u00e9tendre avec leur livre du moment, savourer une boisson ou un repas, et profiter de l\u2019atmosph\u00e8re chaleureuse qui a permis \u00e0 notre club de devenir, au fil du temps, une v\u00e9ritable famille de lecteurs.<\/p><p>Chaque session comprend g\u00e9n\u00e9ralement trois parties :<\/p><p>Temps d\u2019accueil : les 30 premi\u00e8res minutes sont consacr\u00e9es \u00e0 l\u2019arriv\u00e9e, aux salutations entre membres, \u00e0 la pr\u00e9sentation des nouveaux participants et \u00e0 la commande de nourriture ou de boissons.<\/p><p>Lecture silencieuse : nous r\u00e9glons ensuite nos minuteurs et passons une heure \u00e0 lire nos propres livres dans un silence paisible.<\/p><p>Temps de discussion : apr\u00e8s l\u2019heure de lecture, nous profitons d\u2019au moins 30 minutes d\u2019\u00e9changes informels inspir\u00e9s \u00e0 chaque fois par une question diff\u00e9rente li\u00e9e aux livres ou \u00e0 la lecture.<\/p><p class=\"translation-block\">Tout le monde est le bienvenu au club et peut envoyer une demande pour le rejoindre via ce <a href=\"https:\/\/www.facebook.com\/share\/g\/18fS3n97se\/\" target=\"_self\">lien<\/a>.<\/p>\t\t\t\t\t\t\t\t<\/div>\n\t\t\t\t<\/div>\n\t\t\t\t<\/div>\n\t\t<div class=\"elementor-element elementor-element-e51e3b3 e-con-full e-flex e-con e-child\" data-id=\"e51e3b3\" data-element_type=\"container\" data-e-type=\"container\">\n\t\t\t\t<div class=\"elementor-element elementor-element-2056097 elementor-widget__width-initial elementor-widget elementor-widget-image\" data-id=\"2056097\" data-element_type=\"widget\" data-e-type=\"widget\" data-widget_type=\"image.default\">\n\t\t\t\t<div class=\"elementor-widget-container\">\n\t\t\t\t\t\t\t\t\t\t\t\t\t\t\t<img fetchpriority=\"high\" decoding=\"async\" width=\"683\" height=\"1024\" src=\"https:\/\/zunzunrc.org\/wp-content\/uploads\/2026\/04\/2151197516-2-683x1024.jpg\" class=\"attachment-large size-large wp-image-96752\" alt=\"\" srcset=\"https:\/\/zunzunrc.org\/wp-content\/uploads\/2026\/04\/2151197516-2-683x1024.jpg 683w, https:\/\/zunzunrc.org\/wp-content\/uploads\/2026\/04\/2151197516-2-200x300.jpg 200w, https:\/\/zunzunrc.org\/wp-content\/uploads\/2026\/04\/2151197516-2-768x1151.jpg 768w, https:\/\/zunzunrc.org\/wp-content\/uploads\/2026\/04\/2151197516-2-1025x1536.jpg 1025w, https:\/\/zunzunrc.org\/wp-content\/uploads\/2026\/04\/2151197516-2-8x12.jpg 8w, https:\/\/zunzunrc.org\/wp-content\/uploads\/2026\/04\/2151197516-2.jpg 1334w\" sizes=\"(max-width: 683px) 100vw, 683px\" \/>\t\t\t\t\t\t\t\t\t\t\t\t\t\t\t<\/div>\n\t\t\t\t<\/div>\n\t\t\t\t<div class=\"elementor-element elementor-element-0f934da elementor-widget elementor-widget-text-editor\" data-id=\"0f934da\" data-element_type=\"widget\" data-e-type=\"widget\" data-widget_type=\"text-editor.default\">\n\t\t\t\t<div class=\"elementor-widget-container\">\n\t\t\t\t\t\t\t\t\t<pre>Image par Freepik<\/pre>\t\t\t\t\t\t\t\t<\/div>\n\t\t\t\t<\/div>\n\t\t\t\t<\/div>\n\t\t\t\t\t<\/div>\n\t\t\t\t<\/div>\n\t\t<div class=\"elementor-element elementor-element-0ca1a07 e-flex e-con-boxed e-con e-parent\" data-id=\"0ca1a07\" data-element_type=\"container\" data-e-type=\"container\">\n\t\t\t\t\t<div class=\"e-con-inner\">\n\t\t\t\t<div class=\"elementor-element elementor-element-89faae7 elementor-widget elementor-widget-spacer\" data-id=\"89faae7\" data-element_type=\"widget\" data-e-type=\"widget\" data-widget_type=\"spacer.default\">\n\t\t\t\t<div class=\"elementor-widget-container\">\n\t\t\t\t\t\t\t<div class=\"elementor-spacer\">\n\t\t\t<div class=\"elementor-spacer-inner\"><\/div>\n\t\t<\/div>\n\t\t\t\t\t\t<\/div>\n\t\t\t\t<\/div>\n\t\t\t\t\t<\/div>\n\t\t\t\t<\/div>\n\t\t<div class=\"elementor-element elementor-element-62140c3 e-flex e-con-boxed e-con e-parent\" data-id=\"62140c3\" data-element_type=\"container\" data-e-type=\"container\">\n\t\t\t\t\t<div class=\"e-con-inner\">\n\t\t\t\t<div class=\"elementor-element elementor-element-df065c8 elementor-widget elementor-widget-spacer\" data-id=\"df065c8\" data-element_type=\"widget\" data-e-type=\"widget\" data-widget_type=\"spacer.default\">\n\t\t\t\t<div class=\"elementor-widget-container\">\n\t\t\t\t\t\t\t<div class=\"elementor-spacer\">\n\t\t\t<div class=\"elementor-spacer-inner\"><\/div>\n\t\t<\/div>\n\t\t\t\t\t\t<\/div>\n\t\t\t\t<\/div>\n\t\t\t\t\t<\/div>\n\t\t\t\t<\/div>\n\t\t\t\t<\/div>","protected":false},"excerpt":{"rendered":"<p>Silent Reading Club The Zunzun Silent Reading Club is a welcoming community for book lovers in Orl\u00e9ans who enjoy reading in the quiet company of others. Our meet-ups take place&hellip;<\/p>","protected":false},"author":1,"featured_media":0,"parent":0,"menu_order":0,"comment_status":"closed","ping_status":"closed","template":"","meta":{"footnotes":""},"class_list":["post-94694","page","type-page","status-publish","hentry"],"_links":{"self":[{"href":"https:\/\/zunzunrc.org\/fr\/wp-json\/wp\/v2\/pages\/94694","targetHints":{"allow":["GET"]}}],"collection":[{"href":"https:\/\/zunzunrc.org\/fr\/wp-json\/wp\/v2\/pages"}],"about":[{"href":"https:\/\/zunzunrc.org\/fr\/wp-json\/wp\/v2\/types\/page"}],"author":[{"embeddable":true,"href":"https:\/\/zunzunrc.org\/fr\/wp-json\/wp\/v2\/users\/1"}],"replies":[{"embeddable":true,"href":"https:\/\/zunzunrc.org\/fr\/wp-json\/wp\/v2\/comments?post=94694"}],"version-history":[{"count":51,"href":"https:\/\/zunzunrc.org\/fr\/wp-json\/wp\/v2\/pages\/94694\/revisions"}],"predecessor-version":[{"id":96771,"href":"https:\/\/zunzunrc.org\/fr\/wp-json\/wp\/v2\/pages\/94694\/revisions\/96771"}],"wp:attachment":[{"href":"https:\/\/zunzunrc.org\/fr\/wp-json\/wp\/v2\/media?parent=94694"}],"curies":[{"name":"wp","href":"https:\/\/api.w.org\/{rel}","templated":true}]}}