{"id":94676,"date":"2024-01-21T19:34:52","date_gmt":"2024-01-21T19:34:52","guid":{"rendered":"https:\/\/zunzunrc.org\/?page_id=94676"},"modified":"2024-03-22T16:54:44","modified_gmt":"2024-03-22T16:54:44","slug":"vip-birthday-access","status":"publish","type":"page","link":"https:\/\/zunzunrc.org\/fr\/vip-birthday-access\/","title":{"rendered":"Acc\u00e8s VIP pour anniversaires\u00a0"},"content":{"rendered":"<div data-elementor-type=\"wp-page\" data-elementor-id=\"94676\" class=\"elementor elementor-94676\" data-elementor-post-type=\"page\">\n\t\t\t\t<div class=\"elementor-element elementor-element-bed4ac9 e-flex e-con-boxed e-con e-parent\" data-id=\"bed4ac9\" data-element_type=\"container\" data-e-type=\"container\">\n\t\t\t\t\t<div class=\"e-con-inner\">\n\t\t\t\t<div class=\"elementor-element elementor-element-22a6278 elementor-widget elementor-widget-heading\" data-id=\"22a6278\" data-element_type=\"widget\" data-e-type=\"widget\" data-widget_type=\"heading.default\">\n\t\t\t\t<div class=\"elementor-widget-container\">\n\t\t\t\t\t<h2 class=\"elementor-heading-title elementor-size-default\">ACC\u00c8S VIP ANNIVERSAIRE<\/h2>\t\t\t\t<\/div>\n\t\t\t\t<\/div>\n\t\t\t\t\t<\/div>\n\t\t\t\t<\/div>\n\t\t<div class=\"elementor-element elementor-element-3d9f6fc e-flex e-con-boxed e-con e-parent\" data-id=\"3d9f6fc\" data-element_type=\"container\" data-e-type=\"container\">\n\t\t\t\t\t<div class=\"e-con-inner\">\n\t\t\t\t<div class=\"elementor-element elementor-element-93322b0 elementor-widget elementor-widget-spacer\" data-id=\"93322b0\" data-element_type=\"widget\" data-e-type=\"widget\" data-widget_type=\"spacer.default\">\n\t\t\t\t<div class=\"elementor-widget-container\">\n\t\t\t\t\t\t\t<div class=\"elementor-spacer\">\n\t\t\t<div class=\"elementor-spacer-inner\"><\/div>\n\t\t<\/div>\n\t\t\t\t\t\t<\/div>\n\t\t\t\t<\/div>\n\t\t\t\t<div class=\"elementor-element elementor-element-c280a88 elementor-widget elementor-widget-spacer\" data-id=\"c280a88\" data-element_type=\"widget\" data-e-type=\"widget\" data-widget_type=\"spacer.default\">\n\t\t\t\t<div class=\"elementor-widget-container\">\n\t\t\t\t\t\t\t<div class=\"elementor-spacer\">\n\t\t\t<div class=\"elementor-spacer-inner\"><\/div>\n\t\t<\/div>\n\t\t\t\t\t\t<\/div>\n\t\t\t\t<\/div>\n\t\t\t\t\t<\/div>\n\t\t\t\t<\/div>\n\t\t<div class=\"elementor-element elementor-element-f282115 e-flex e-con-boxed e-con e-parent\" data-id=\"f282115\" data-element_type=\"container\" data-e-type=\"container\">\n\t\t\t\t\t<div class=\"e-con-inner\">\n\t\t<div class=\"elementor-element elementor-element-be38ec8 e-con-full e-flex e-con e-child\" data-id=\"be38ec8\" data-element_type=\"container\" data-e-type=\"container\">\n\t\t\t\t<div class=\"elementor-element elementor-element-13e24d2 elementor-widget__width-auto elementor-absolute elementor-widget elementor-widget-text-editor\" data-id=\"13e24d2\" data-element_type=\"widget\" data-e-type=\"widget\" data-settings=\"{&quot;_position&quot;:&quot;absolute&quot;}\" data-widget_type=\"text-editor.default\">\n\t\t\t\t<div class=\"elementor-widget-container\">\n\t\t\t\t\t\t\t\t\t<p style=\"font-weight: 400;\">Le programme d'acc\u00e8s VIP \u00e0 l'anniversaire de la communaut\u00e9 de lecture Zunzun est con\u00e7u pour rendre les anniversaires des enfants sp\u00e9ciaux en int\u00e9grant la joie de la lecture.<\/p><p style=\"font-weight: 400;\">Il offre aux enfants qui c\u00e9l\u00e8brent leur anniversaire un acc\u00e8s privil\u00e9gi\u00e9 \u00e0 une r\u00e9serve exclusive de livres bilingues, leur permettant de choisir des livres comme cadeaux d'anniversaire.<\/p><p style=\"font-weight: 400;\">Cette initiative vise \u00e0 renforcer l'amour des enfants pour la lecture en transformant le processus de s\u00e9lection de livres en une aventure d'anniversaire excitante, consid\u00e9rant les livres comme des cadeaux pr\u00e9cieux qui offrent des aventures et des histoires sans fin pour enrichir et inspirer les jeunes esprits.<\/p><p class=\"translation-block\">D\u00e9couvrez notre espace d'acc\u00e8s VIP \u00e0 l'anniversaire <a href=\"https:\/\/youtu.be\/ZEgqoJo1cTw\" target=\"_self\">dans cette vid\u00e9o.<\/a><\/p><p style=\"font-weight: 400;\">\u00a0<\/p>\t\t\t\t\t\t\t\t<\/div>\n\t\t\t\t<\/div>\n\t\t\t\t<\/div>\n\t\t<div class=\"elementor-element elementor-element-02c7869 e-con-full e-flex e-con e-child\" data-id=\"02c7869\" data-element_type=\"container\" data-e-type=\"container\">\n\t\t\t\t<div class=\"elementor-element elementor-element-b7c731f elementor-widget__width-initial elementor-widget elementor-widget-image\" data-id=\"b7c731f\" data-element_type=\"widget\" data-e-type=\"widget\" data-widget_type=\"image.default\">\n\t\t\t\t<div class=\"elementor-widget-container\">\n\t\t\t\t\t\t\t\t\t\t\t\t\t\t\t<img fetchpriority=\"high\" decoding=\"async\" width=\"731\" height=\"1024\" src=\"https:\/\/zunzunrc.org\/wp-content\/uploads\/2024\/01\/pile-livres-colores-ruban-jaune-731x1024.jpg\" class=\"attachment-large size-large wp-image-94678\" alt=\"\" srcset=\"https:\/\/zunzunrc.org\/wp-content\/uploads\/2024\/01\/pile-livres-colores-ruban-jaune-731x1024.jpg 731w, https:\/\/zunzunrc.org\/wp-content\/uploads\/2024\/01\/pile-livres-colores-ruban-jaune-214x300.jpg 214w, https:\/\/zunzunrc.org\/wp-content\/uploads\/2024\/01\/pile-livres-colores-ruban-jaune-768x1075.jpg 768w, https:\/\/zunzunrc.org\/wp-content\/uploads\/2024\/01\/pile-livres-colores-ruban-jaune-1097x1536.jpg 1097w, https:\/\/zunzunrc.org\/wp-content\/uploads\/2024\/01\/pile-livres-colores-ruban-jaune-1463x2048.jpg 1463w, https:\/\/zunzunrc.org\/wp-content\/uploads\/2024\/01\/pile-livres-colores-ruban-jaune-1500x2100.jpg 1500w, https:\/\/zunzunrc.org\/wp-content\/uploads\/2024\/01\/pile-livres-colores-ruban-jaune-scaled.jpg 1829w\" sizes=\"(max-width: 731px) 100vw, 731px\" \/>\t\t\t\t\t\t\t\t\t\t\t\t\t\t\t<\/div>\n\t\t\t\t<\/div>\n\t\t\t\t<\/div>\n\t\t\t\t\t<\/div>\n\t\t\t\t<\/div>\n\t\t<div class=\"elementor-element elementor-element-3e62502 e-flex e-con-boxed e-con e-parent\" data-id=\"3e62502\" data-element_type=\"container\" data-e-type=\"container\">\n\t\t\t\t\t<div class=\"e-con-inner\">\n\t\t\t\t<div class=\"elementor-element elementor-element-64a015b elementor-widget elementor-widget-spacer\" data-id=\"64a015b\" data-element_type=\"widget\" data-e-type=\"widget\" data-widget_type=\"spacer.default\">\n\t\t\t\t<div class=\"elementor-widget-container\">\n\t\t\t\t\t\t\t<div class=\"elementor-spacer\">\n\t\t\t<div class=\"elementor-spacer-inner\"><\/div>\n\t\t<\/div>\n\t\t\t\t\t\t<\/div>\n\t\t\t\t<\/div>\n\t\t\t\t<div class=\"elementor-element elementor-element-c861259 elementor-widget elementor-widget-heading\" data-id=\"c861259\" data-element_type=\"widget\" data-e-type=\"widget\" data-widget_type=\"heading.default\">\n\t\t\t\t<div class=\"elementor-widget-container\">\n\t\t\t\t\t<h2 class=\"elementor-heading-title elementor-size-default\">COMMENT \u00c7A MARCHE ?<\/h2>\t\t\t\t<\/div>\n\t\t\t\t<\/div>\n\t\t\t\t<div class=\"elementor-element elementor-element-d00f068 elementor-widget elementor-widget-text-editor\" data-id=\"d00f068\" data-element_type=\"widget\" data-e-type=\"widget\" data-widget_type=\"text-editor.default\">\n\t\t\t\t<div class=\"elementor-widget-container\">\n\t\t\t\t\t\t\t\t\t<p style=\"font-weight: 400;\">\u00a0<\/p><ul><li style=\"font-weight: 400;\">\u00a0L'inscription pr\u00e9alable est n\u00e9cessaire pour garantir une exp\u00e9rience personnalis\u00e9e : au moins 48 heures.<\/li><li style=\"font-weight: 400;\">\u00a0Chaque enfant peut choisir jusqu'\u00e0 5 livres dans une r\u00e9serve exclusive bilingue \u00e0 conserver comme cadeaux d'anniversaire.<\/li><li style=\"font-weight: 400;\">\u00a0Les participants peuvent choisir 2 jouets et 5 petits jouets, enrichissant leur c\u00e9l\u00e9bration d'anniversaire.<\/li><li style=\"font-weight: 400;\">\u00a0Les familles ont acc\u00e8s \u00e0 l'espace pendant un maximum de 2 heures, encourageant les activit\u00e9s de lecture avec les parents.<\/li><li style=\"font-weight: 400;\" class=\"translation-block\">Veuillez <a href=\"https:\/\/zunzunrc.org\/fr\/contact\/\" target=\"_self\">nous contacter<\/a> si votre enfant f\u00eate bient\u00f4t son anniversaire et nous nous assurerons qu'il b\u00e9n\u00e9ficie de l'acc\u00e8s \u00e0 notre espace VIP.<\/li><\/ul>\t\t\t\t\t\t\t\t<\/div>\n\t\t\t\t<\/div>\n\t\t\t\t<div class=\"elementor-element elementor-element-f2e0320 elementor-widget elementor-widget-spacer\" data-id=\"f2e0320\" data-element_type=\"widget\" data-e-type=\"widget\" data-widget_type=\"spacer.default\">\n\t\t\t\t<div class=\"elementor-widget-container\">\n\t\t\t\t\t\t\t<div class=\"elementor-spacer\">\n\t\t\t<div class=\"elementor-spacer-inner\"><\/div>\n\t\t<\/div>\n\t\t\t\t\t\t<\/div>\n\t\t\t\t<\/div>\n\t\t\t\t\t<\/div>\n\t\t\t\t<\/div>\n\t\t\t\t<\/div>","protected":false},"excerpt":{"rendered":"<p>VIP BIRTHDAY ACCESS The Zunzun Reading Community&#8217;s VIP Birthday Access program is designed to make children&#8217;s birthdays special by integrating the joy of reading. It offers children celebrating their birthdays&hellip;<\/p>","protected":false},"author":1,"featured_media":0,"parent":0,"menu_order":0,"comment_status":"closed","ping_status":"closed","template":"","meta":{"footnotes":""},"class_list":["post-94676","page","type-page","status-publish","hentry"],"_links":{"self":[{"href":"https:\/\/zunzunrc.org\/fr\/wp-json\/wp\/v2\/pages\/94676","targetHints":{"allow":["GET"]}}],"collection":[{"href":"https:\/\/zunzunrc.org\/fr\/wp-json\/wp\/v2\/pages"}],"about":[{"href":"https:\/\/zunzunrc.org\/fr\/wp-json\/wp\/v2\/types\/page"}],"author":[{"embeddable":true,"href":"https:\/\/zunzunrc.org\/fr\/wp-json\/wp\/v2\/users\/1"}],"replies":[{"embeddable":true,"href":"https:\/\/zunzunrc.org\/fr\/wp-json\/wp\/v2\/comments?post=94676"}],"version-history":[{"count":0,"href":"https:\/\/zunzunrc.org\/fr\/wp-json\/wp\/v2\/pages\/94676\/revisions"}],"wp:attachment":[{"href":"https:\/\/zunzunrc.org\/fr\/wp-json\/wp\/v2\/media?parent=94676"}],"curies":[{"name":"wp","href":"https:\/\/api.w.org\/{rel}","templated":true}]}}