{"id":2,"date":"2023-11-30T18:23:39","date_gmt":"2023-11-30T18:23:39","guid":{"rendered":"https:\/\/zunzunrc.org\/?page_id=2"},"modified":"2024-02-07T21:02:49","modified_gmt":"2024-02-07T21:02:49","slug":"mission","status":"publish","type":"page","link":"https:\/\/zunzunrc.org\/fr\/mission\/","title":{"rendered":"Mission"},"content":{"rendered":"<div data-elementor-type=\"wp-page\" data-elementor-id=\"2\" class=\"elementor elementor-2\" data-elementor-post-type=\"page\">\n\t\t\t\t<div class=\"elementor-element elementor-element-5fdb4e0a e-flex e-con-boxed e-con e-parent\" data-id=\"5fdb4e0a\" data-element_type=\"container\" data-e-type=\"container\">\n\t\t\t\t\t<div class=\"e-con-inner\">\n\t\t\t\t<div class=\"elementor-element elementor-element-de5d4ec elementor-widget elementor-widget-heading\" data-id=\"de5d4ec\" data-element_type=\"widget\" data-e-type=\"widget\" data-widget_type=\"heading.default\">\n\t\t\t\t<div class=\"elementor-widget-container\">\n\t\t\t\t\t<h2 class=\"elementor-heading-title elementor-size-default\"><br>Mission de la Communaut\u00e9 de Lecture Zunzun<br><\/h2>\t\t\t\t<\/div>\n\t\t\t\t<\/div>\n\t\t\t\t\t<\/div>\n\t\t\t\t<\/div>\n\t\t<div class=\"elementor-element elementor-element-cac73ad e-flex e-con-boxed e-con e-parent\" data-id=\"cac73ad\" data-element_type=\"container\" data-e-type=\"container\">\n\t\t\t\t\t<div class=\"e-con-inner\">\n\t\t<div class=\"elementor-element elementor-element-de1ffe4 e-con-full e-flex e-con e-child\" data-id=\"de1ffe4\" data-element_type=\"container\" data-e-type=\"container\">\n\t\t\t\t<div class=\"elementor-element elementor-element-8d9523b elementor-widget elementor-widget-text-editor\" data-id=\"8d9523b\" data-element_type=\"widget\" data-e-type=\"widget\" data-widget_type=\"text-editor.default\">\n\t\t\t\t<div class=\"elementor-widget-container\">\n\t\t\t\t\t\t\t\t\t<p>\u00a0<\/p><p>\u00c0 la Communaut\u00e9 de Lecture Zunzun, notre mission est d'allumer une passion pour la lecture et de favoriser la litt\u00e9ratie au sein de notre communaut\u00e9 gr\u00e2ce \u00e0 des programmes inclusifs et innovants.<\/p><p>Nous sommes d\u00e9vou\u00e9s \u00e0 promouvoir la lecture comme une comp\u00e9tence fondamentale et une aventure joyeuse pour les personnes de tous \u00e2ges.\u00a0<\/p><p>En proposant des exp\u00e9riences de lecture captivantes, telles que notre programme de Compagnons de lecture et nos collaborations avec les \u00e9coles, nous visons \u00e0 soutenir le d\u00e9veloppement de la litt\u00e9ratie et \u00e0 cultiver un amour des livres et de la lecture qui dure toute la vie.<\/p>\t\t\t\t\t\t\t\t<\/div>\n\t\t\t\t<\/div>\n\t\t\t\t<\/div>\n\t\t<div class=\"elementor-element elementor-element-de04d39 e-con-full e-flex e-con e-child\" data-id=\"de04d39\" data-element_type=\"container\" data-e-type=\"container\">\n\t\t\t\t<div class=\"elementor-element elementor-element-ad25932 elementor-widget elementor-widget-spacer\" data-id=\"ad25932\" data-element_type=\"widget\" data-e-type=\"widget\" data-widget_type=\"spacer.default\">\n\t\t\t\t<div class=\"elementor-widget-container\">\n\t\t\t\t\t\t\t<div class=\"elementor-spacer\">\n\t\t\t<div class=\"elementor-spacer-inner\"><\/div>\n\t\t<\/div>\n\t\t\t\t\t\t<\/div>\n\t\t\t\t<\/div>\n\t\t\t\t<div class=\"elementor-element elementor-element-c7b1702 elementor-widget elementor-widget-image\" data-id=\"c7b1702\" data-element_type=\"widget\" data-e-type=\"widget\" data-widget_type=\"image.default\">\n\t\t\t\t<div class=\"elementor-widget-container\">\n\t\t\t\t\t\t\t\t\t\t\t\t\t\t\t<img fetchpriority=\"high\" decoding=\"async\" width=\"500\" height=\"500\" src=\"https:\/\/zunzunrc.org\/wp-content\/uploads\/2022\/12\/LFL-logo.png\" class=\"attachment-large size-large wp-image-94298\" alt=\"\" srcset=\"https:\/\/zunzunrc.org\/wp-content\/uploads\/2022\/12\/LFL-logo.png 500w, https:\/\/zunzunrc.org\/wp-content\/uploads\/2022\/12\/LFL-logo-200x200.png 200w, https:\/\/zunzunrc.org\/wp-content\/uploads\/2022\/12\/LFL-logo-300x300.png 300w, https:\/\/zunzunrc.org\/wp-content\/uploads\/2022\/12\/LFL-logo-150x150.png 150w\" sizes=\"(max-width: 500px) 100vw, 500px\" \/>\t\t\t\t\t\t\t\t\t\t\t\t\t\t\t<\/div>\n\t\t\t\t<\/div>\n\t\t\t\t<\/div>\n\t\t\t\t\t<\/div>\n\t\t\t\t<\/div>\n\t\t<div class=\"elementor-element elementor-element-a0a9b3f e-flex e-con-boxed e-con e-parent\" data-id=\"a0a9b3f\" data-element_type=\"container\" data-e-type=\"container\">\n\t\t\t\t\t<div class=\"e-con-inner\">\n\t\t<div class=\"elementor-element elementor-element-c077152 e-flex e-con-boxed e-con e-child\" data-id=\"c077152\" data-element_type=\"container\" data-e-type=\"container\">\n\t\t\t\t\t<div class=\"e-con-inner\">\n\t\t\t\t<div class=\"elementor-element elementor-element-70325c3 elementor-widget elementor-widget-text-editor\" data-id=\"70325c3\" data-element_type=\"widget\" data-e-type=\"widget\" data-widget_type=\"text-editor.default\">\n\t\t\t\t<div class=\"elementor-widget-container\">\n\t\t\t\t\t\t\t\t\t<p>Nos efforts sont centr\u00e9s sur la cr\u00e9ation d'une communaut\u00e9 dynamique o\u00f9 les livres servent de ponts, connectant les individus et favorisant un sentiment partag\u00e9 d'appartenance et de compr\u00e9hension. \u00c0 travers notre travail, nous aspirons \u00e0 cr\u00e9er un environnement o\u00f9 le pouvoir de la lecture donne aux individus la force, renforce les liens communautaires et enrichit les vies.<\/p>\t\t\t\t\t\t\t\t<\/div>\n\t\t\t\t<\/div>\n\t\t\t\t\t<\/div>\n\t\t\t\t<\/div>\n\t\t\t\t<div class=\"elementor-element elementor-element-bd9d22f elementor-widget elementor-widget-heading\" data-id=\"bd9d22f\" data-element_type=\"widget\" data-e-type=\"widget\" data-widget_type=\"heading.default\">\n\t\t\t\t<div class=\"elementor-widget-container\">\n\t\t\t\t\t<h2 class=\"elementor-heading-title elementor-size-default\">Objectifs<\/h2>\t\t\t\t<\/div>\n\t\t\t\t<\/div>\n\t\t\t\t\t<\/div>\n\t\t\t\t<\/div>\n\t\t<div class=\"elementor-element elementor-element-ce6652d e-flex e-con-boxed e-con e-parent\" data-id=\"ce6652d\" data-element_type=\"container\" data-e-type=\"container\">\n\t\t\t\t\t<div class=\"e-con-inner\">\n\t\t\t\t<div class=\"elementor-element elementor-element-e8e76a7 elementor-widget elementor-widget-text-editor\" data-id=\"e8e76a7\" data-element_type=\"widget\" data-e-type=\"widget\" data-widget_type=\"text-editor.default\">\n\t\t\t\t<div class=\"elementor-widget-container\">\n\t\t\t\t\t\t\t\t\t<p><strong>Promouvoir la lecture comme une aventure joyeuse :<\/strong><\/p><p>Cultiver un enthousiasme pour la lecture parmi les membres de la communaut\u00e9 de tous \u00e2ges, en mettant l'accent sur la capacit\u00e9 de la lecture \u00e0 divertir, \u00e9duquer et inspirer.<\/p><p><strong>Favoriser le d\u00e9veloppement de l'alphab\u00e9tisation :<\/strong><\/p><p>Soutenir l'am\u00e9lioration des comp\u00e9tences en alphab\u00e9tisation dans la communaut\u00e9 gr\u00e2ce \u00e0 des programmes cibl\u00e9s, des ressources et des activit\u00e9s con\u00e7us pour am\u00e9liorer la compr\u00e9hension de la lecture, la fluidit\u00e9 de lecture, le vocabulaire et la pens\u00e9e critique.<\/p><p><strong>Collaborer avec les \u00e9coles et les organismes \u00e9ducatifs :<\/strong><\/p><p>Travailler en \u00e9troite collaboration avec les \u00e9coles locales et les institutions \u00e9ducatives pour proposer des programmes de lecture et des ressources directement aux \u00e9l\u00e8ves, renfor\u00e7ant ainsi l'exp\u00e9rience d'apprentissage en classe et promouvant l'alphab\u00e9tisation d\u00e8s le plus jeune \u00e2ge.<\/p><p><strong>Construire une communaut\u00e9 autour des livres et de la lecture :<\/strong><\/p><p>Cr\u00e9er une communaut\u00e9 dynamique et solide de lecteurs en organisant des \u00e9v\u00e9nements, des discussions et des activit\u00e9s qui encouragent le partage, la discussion et la connexion entre les membres autour des livres et de la lecture.<\/p><p><strong style=\"text-align: var(--text-align); background-color: rgba(255, 255, 255, 0); color: var(--the7-base-color); letter-spacing: var(--the7-base-letter-spacing); text-transform: var(--the7-base-text-transform); word-spacing: normal;\">Enrichir les vies gr\u00e2ce au pouvoir de la lecture :<\/strong><\/p><p>Tirer parti du pouvoir transformateur de la lecture pour enrichir la vie personnelle et communautaire des membres de la communaut\u00e9, favorisant une compr\u00e9hension plus profonde, l'empathie et un sentiment partag\u00e9 d'appartenance.<\/p><p><strong>Autonomiser les individus gr\u00e2ce \u00e0 l'alphab\u00e9tisation :<\/strong><\/p><p>Autonomiser les individus avec les comp\u00e9tences en alphab\u00e9tisation n\u00e9cessaires pour naviguer avec succ\u00e8s dans la vie, leur permettant d'acc\u00e9der \u00e0 l'information, de saisir les opportunit\u00e9s et de participer pleinement \u00e0 la soci\u00e9t\u00e9.<\/p>\t\t\t\t\t\t\t\t<\/div>\n\t\t\t\t<\/div>\n\t\t\t\t\t<\/div>\n\t\t\t\t<\/div>\n\t\t\t\t<\/div>","protected":false},"excerpt":{"rendered":"<p>Mission Statement of Zunzun Reading Community \u00a0 At Zunzun Reading Community, our mission is to ignite a passion for reading and foster literacy within our community through inclusive and innovative&hellip;<\/p>","protected":false},"author":1,"featured_media":0,"parent":0,"menu_order":0,"comment_status":"closed","ping_status":"closed","template":"","meta":{"footnotes":""},"class_list":["post-2","page","type-page","status-publish","hentry"],"_links":{"self":[{"href":"https:\/\/zunzunrc.org\/fr\/wp-json\/wp\/v2\/pages\/2","targetHints":{"allow":["GET"]}}],"collection":[{"href":"https:\/\/zunzunrc.org\/fr\/wp-json\/wp\/v2\/pages"}],"about":[{"href":"https:\/\/zunzunrc.org\/fr\/wp-json\/wp\/v2\/types\/page"}],"author":[{"embeddable":true,"href":"https:\/\/zunzunrc.org\/fr\/wp-json\/wp\/v2\/users\/1"}],"replies":[{"embeddable":true,"href":"https:\/\/zunzunrc.org\/fr\/wp-json\/wp\/v2\/comments?post=2"}],"version-history":[{"count":0,"href":"https:\/\/zunzunrc.org\/fr\/wp-json\/wp\/v2\/pages\/2\/revisions"}],"wp:attachment":[{"href":"https:\/\/zunzunrc.org\/fr\/wp-json\/wp\/v2\/media?parent=2"}],"curies":[{"name":"wp","href":"https:\/\/api.w.org\/{rel}","templated":true}]}}